{"id":425,"date":"2020-04-18T23:25:20","date_gmt":"2020-04-19T02:25:20","guid":{"rendered":"https:\/\/franciscaherreros.com\/?page_id=425"},"modified":"2020-04-22T01:40:57","modified_gmt":"2020-04-22T04:40:57","slug":"psicoterapia","status":"publish","type":"page","link":"https:\/\/franciscaherreros.com\/es\/psicoterapia\/","title":{"rendered":"Psicoterapia Presencial y On-line"},"content":{"rendered":"\n<p class=\"has-text-align-left\">El objetivo final de una psicoterapia, ya sea presencial o on-line, es el aliviar el malestar del que consulta, permiti\u00e9ndole una relaci\u00f3n arm\u00f3nica y placentera con sigo mismo y con su entorno. La Psic\u00f3loga Francisca Herreros cree firmemente que esto se puede lograr conociendose mas a si mismo, y entendiendo los conflictos y gatillantes emocionales que pueden estar causando dificultades, aprendiendo a manejar estos de manera mas sana y constructiva.<\/p>\n\n\n\n<p class=\"has-text-align-left\">Esta profesional considera que un tratamiento psicol\u00f3gico tiene que construirse en forma colaborativa con los pacientes, de acuerdo a sus necesidades. Para esto es importante proveer un ambiente emocional de conexi\u00f3n y aceptaci\u00f3n,  donde el paciente se sienta comodo, aceptado y comprendido en su cabalidad. Junto a un conocimiento extenso de la Teor\u00eda Psicodin\u00e1mica, y el entrenamiento en diversas modalidades de psicoterapia Sistemica, Cognitivo Conductual, de Apego, Mindfulness y t\u00e9cnicas de relajaci\u00f3n, la Psic\u00f3loga Francisca Herreros elabora un plan de tratamiento individualizadodel para cada paciente. <\/p>\n\n\n\n<h2 class=\"wp-block-heading\">Psicoterapia On-line o Teleterapia<\/h2>\n\n\n\n<figure class=\"wp-block-image size-large\"><img loading=\"lazy\" decoding=\"async\" width=\"1024\" height=\"576\" src=\"https:\/\/franciscaherreros.com\/wp-content\/uploads\/2020\/04\/Screenshot-21-1024x576.png\" alt=\"\" class=\"wp-image-429\" srcset=\"https:\/\/franciscaherreros.com\/wp-content\/uploads\/2020\/04\/Screenshot-21-1024x576.png 1024w, https:\/\/franciscaherreros.com\/wp-content\/uploads\/2020\/04\/Screenshot-21-300x169.png 300w, https:\/\/franciscaherreros.com\/wp-content\/uploads\/2020\/04\/Screenshot-21-768x432.png 768w, https:\/\/franciscaherreros.com\/wp-content\/uploads\/2020\/04\/Screenshot-21-1536x864.png 1536w, https:\/\/franciscaherreros.com\/wp-content\/uploads\/2020\/04\/Screenshot-21-1600x900.png 1600w, https:\/\/franciscaherreros.com\/wp-content\/uploads\/2020\/04\/Screenshot-21.png 1920w\" sizes=\"auto, (max-width: 1024px) 100vw, 1024px\" \/><\/figure>\n\n\n\n<p>La psicoterapia on-line intenta ser un lugar de reflexi\u00f3n y contenci\u00f3n para personas que no pueden acceder a psicoterapia presencial. Las razones para esto son muy diversas, desde razones de salud y cuidado por la situaci\u00f3n actu\u00e1l de emergencia sanitaria, a vivir en un lugar distanciado o en el extranjero, y querer contar con la psicoterapia elegida. <\/p>\n\n\n\n<p>Se realizan sesiones de 50 minutos por medios de video-conferencia o telef\u00f3nicos (como Zoom, WhatsApp y Skype), relacionados con la accesibilidad y calidad de se\u00f1al que tenga el paciente, en un lugar en el que pueda estar c\u00f3modo y que cuente con la privacidad necesaria. Estas sesiones se coordinan previamente con la Psic\u00f3loga.<\/p>\n\n\n\n<p>En cuanto al pago, se pueden realizar pagos desde el extranjero. En Chile  y en algunos seguros extranjeros se puede realizar reembolso en Isapres y seguros complementarios de la Boleta de Honorarios entregada luego de cancelar la consulta. <\/p>\n\n\n\n<h2 class=\"wp-block-heading\">Psicoterapia Presencial<\/h2>\n\n\n\n<figure class=\"wp-block-image size-large\"><img loading=\"lazy\" decoding=\"async\" width=\"1024\" height=\"576\" src=\"https:\/\/franciscaherreros.com\/wp-content\/uploads\/2020\/04\/WhatsApp-Image-2017-06-08-at-18.22.50-1-1024x576.jpeg\" alt=\"\" class=\"wp-image-433\" srcset=\"https:\/\/franciscaherreros.com\/wp-content\/uploads\/2020\/04\/WhatsApp-Image-2017-06-08-at-18.22.50-1-1024x576.jpeg 1024w, https:\/\/franciscaherreros.com\/wp-content\/uploads\/2020\/04\/WhatsApp-Image-2017-06-08-at-18.22.50-1-300x169.jpeg 300w, https:\/\/franciscaherreros.com\/wp-content\/uploads\/2020\/04\/WhatsApp-Image-2017-06-08-at-18.22.50-1-768x432.jpeg 768w, https:\/\/franciscaherreros.com\/wp-content\/uploads\/2020\/04\/WhatsApp-Image-2017-06-08-at-18.22.50-1.jpeg 1080w\" sizes=\"auto, (max-width: 1024px) 100vw, 1024px\" \/><\/figure>\n\n\n\n<p>La sesiones presenciales ya sea para orientaci\u00f3n psicol\u00f3gica breve o psicoterapia se realizan en la consulta privada de la Psic\u00f3loga Francisca Herreros en Amapolas 1290, Providencia (<a href=\"https:\/\/www.google.com\/search?q=amapolas+1290&amp;oq=amapolas+1290&amp;aqs=chrome..69i57j35i39j0l6.3492j0j7&amp;sourceid=chrome&amp;ie=UTF-8#\">https:\/\/www.google.com\/search?q=amapolas+1290&amp;oq=amapolas+1290&amp;aqs=chrome..69i57j35i39j0l6.3492j0j7&amp;sourceid=chrome&amp;ie=UTF-8#<\/a>). Estas son sesiones de 50 minutos y el horario debe ser acordado con anterioridad con la Psic\u00f3loga. <\/p>\n\n\n\n<p>En cuanto al pago, se puede realizar reembolso en Isapres y seguros complementarios de la Boleta de Honorarios entregada luego de cancelar la consulta.<\/p>\n\n\n\n<p>Para consultar sobre horarios y monto de honorarios contactarse al correo franciscaherrerosc@gmail.com o llenar el formulario en el anexo de contacto.<\/p>\n\n\n\n<div class=\"wp-block-columns are-vertically-aligned-top is-layout-flex wp-container-core-columns-is-layout-9d6595d7 wp-block-columns-is-layout-flex\">\n<div class=\"wp-block-column is-vertically-aligned-top is-layout-flow wp-block-column-is-layout-flow\">\n<ul class=\"wp-block-social-links is-layout-flex wp-block-social-links-is-layout-flex\">\n\n\n\n\n\n\n\n<\/ul>\n\n\n\n<p><\/p>\n\n\n\n<p><\/p>\n<\/div>\n\n\n\n<div class=\"wp-block-column is-vertically-aligned-top is-layout-flow wp-block-column-is-layout-flow\">\n<p><\/p>\n<\/div>\n<\/div>\n\n\n\n<p><\/p>\n\n\n\n<p><\/p>\n","protected":false},"excerpt":{"rendered":"<p>El objetivo final de una psicoterapia, ya sea presencial o on-line, es el aliviar el malestar del que consulta, permiti\u00e9ndole&hellip;<\/p>\n","protected":false},"author":1,"featured_media":0,"parent":0,"menu_order":0,"comment_status":"closed","ping_status":"closed","template":"","meta":{"footnotes":""},"class_list":["post-425","page","type-page","status-publish","hentry"],"_links":{"self":[{"href":"https:\/\/franciscaherreros.com\/es\/wp-json\/wp\/v2\/pages\/425","targetHints":{"allow":["GET"]}}],"collection":[{"href":"https:\/\/franciscaherreros.com\/es\/wp-json\/wp\/v2\/pages"}],"about":[{"href":"https:\/\/franciscaherreros.com\/es\/wp-json\/wp\/v2\/types\/page"}],"author":[{"embeddable":true,"href":"https:\/\/franciscaherreros.com\/es\/wp-json\/wp\/v2\/users\/1"}],"replies":[{"embeddable":true,"href":"https:\/\/franciscaherreros.com\/es\/wp-json\/wp\/v2\/comments?post=425"}],"version-history":[{"count":21,"href":"https:\/\/franciscaherreros.com\/es\/wp-json\/wp\/v2\/pages\/425\/revisions"}],"predecessor-version":[{"id":516,"href":"https:\/\/franciscaherreros.com\/es\/wp-json\/wp\/v2\/pages\/425\/revisions\/516"}],"wp:attachment":[{"href":"https:\/\/franciscaherreros.com\/es\/wp-json\/wp\/v2\/media?parent=425"}],"curies":[{"name":"wp","href":"https:\/\/api.w.org\/{rel}","templated":true}]}}