{"id":420,"date":"2020-04-18T23:23:27","date_gmt":"2020-04-19T02:23:27","guid":{"rendered":"https:\/\/franciscaherreros.com\/?page_id=420"},"modified":"2020-04-22T00:28:00","modified_gmt":"2020-04-22T03:28:00","slug":"training-and-clinical-experience","status":"publish","type":"page","link":"https:\/\/franciscaherreros.com\/es\/training-and-clinical-experience\/","title":{"rendered":"Estudios y Experiencia Cl\u00ednica"},"content":{"rendered":"\n<p>Francisca Herreros es una Psic\u00f3loga Cl\u00ednica biling\u00fce (Ingl\u00e9s-Espa\u00f1ol) con 20 a\u00f1os de experiencia cl\u00ednica, Doctorada en Psicolog\u00eda Cl\u00ednica en The New School for Social Research, NY, y con Post-Doctorados Cl\u00ednicos en NYPSI (New York Psychoanalytic Institute) y Williamsburg Therapy Group, NY, y licenciada en Chile y New York.&nbsp;<\/p>\n\n\n\n<p>En la actualidad reside en Santiago de Chile proporcionando psicoterapia presencial y on-line en su pr\u00e1ctica privada a adultos, adolescentes y parejas, complementando su trabajo cl\u00ednico en el Centro M\u00e9dico Endocrino de la Cl\u00ednica Santa Mar\u00eda de Santiago y docencia en el Magister en Artes de la Salud y Arteterapia de la Universidad Finis Terrae.<\/p>\n\n\n\n<p>La Psic\u00f3loga Francisca Herreros comenz\u00f3 su pr\u00e1ctica cl\u00ednica en Santiago de Chile en el a\u00f1o 2000, luego de completar su pregrado en Psicolog\u00eda en la Pontificia Universidad Cat\u00f3lica de Chile. Trabaj\u00f3 como Psic\u00f3loga Cl\u00ednica y Educacional por varios a\u00f1os antes de emigrar hacia Nueva York, donde continu\u00f3 y complet\u00f3 sus estudios y entrenamiento cl\u00ednico. Diez a\u00f1os despu\u00e9s vuelve a Santiago de Chile Licenciada en Psicolog\u00eda Cl\u00ednica en Nueva York y Chile, continuando su trabajo cl\u00ednico presencial y on-line desde esta ciudad, donde reside hace 7 a\u00f1os.\u00a0<\/p>\n\n\n\n<p>Gr\u00e1cias a la diversidad de su entrenamiento y su continua actualizaci\u00f3n, la Psic\u00f3loga Francisca Herreros tiene experiencia cl\u00ednica en en diagn\u00f3stico y tratamiento de una gran variedad de dificultades psicol\u00f3gicas. Estas han incluido depresi\u00f3n y ansiedad, duelo, trauma, dificultades relacionadas a identidad de g\u00e9nero y sexualidad, y dificultades relacionadas a immigraci\u00f3n y diferencias culturales. Su investigaci\u00f3n fue siempre enfocada en el desarrollo humano y relaciones de Apego, lo que contin\u00faa informando su forma de entender profundamente las relaciones humanas.<\/p>\n","protected":false},"excerpt":{"rendered":"<p>Francisca Herreros es una Psic\u00f3loga Cl\u00ednica biling\u00fce (Ingl\u00e9s-Espa\u00f1ol) con 20 a\u00f1os de experiencia cl\u00ednica, Doctorada en Psicolog\u00eda Cl\u00ednica en The&hellip;<\/p>\n","protected":false},"author":1,"featured_media":0,"parent":0,"menu_order":0,"comment_status":"closed","ping_status":"closed","template":"","meta":{"footnotes":""},"class_list":["post-420","page","type-page","status-publish","hentry"],"_links":{"self":[{"href":"https:\/\/franciscaherreros.com\/es\/wp-json\/wp\/v2\/pages\/420","targetHints":{"allow":["GET"]}}],"collection":[{"href":"https:\/\/franciscaherreros.com\/es\/wp-json\/wp\/v2\/pages"}],"about":[{"href":"https:\/\/franciscaherreros.com\/es\/wp-json\/wp\/v2\/types\/page"}],"author":[{"embeddable":true,"href":"https:\/\/franciscaherreros.com\/es\/wp-json\/wp\/v2\/users\/1"}],"replies":[{"embeddable":true,"href":"https:\/\/franciscaherreros.com\/es\/wp-json\/wp\/v2\/comments?post=420"}],"version-history":[{"count":12,"href":"https:\/\/franciscaherreros.com\/es\/wp-json\/wp\/v2\/pages\/420\/revisions"}],"predecessor-version":[{"id":503,"href":"https:\/\/franciscaherreros.com\/es\/wp-json\/wp\/v2\/pages\/420\/revisions\/503"}],"wp:attachment":[{"href":"https:\/\/franciscaherreros.com\/es\/wp-json\/wp\/v2\/media?parent=420"}],"curies":[{"name":"wp","href":"https:\/\/api.w.org\/{rel}","templated":true}]}}