{"id":338,"date":"2020-04-18T20:49:29","date_gmt":"2020-04-18T23:49:29","guid":{"rendered":"https:\/\/franciscaherreros.com\/?page_id=338"},"modified":"2020-04-19T18:47:19","modified_gmt":"2020-04-19T21:47:19","slug":"inicio","status":"publish","type":"page","link":"https:\/\/franciscaherreros.com\/es\/","title":{"rendered":"Inicio"},"content":{"rendered":"\n<p class=\"has-text-align-center\">Doctorada en Psicolog\u00eda Cl\u00ednica, The New School for Social Research, New York.<br>Post-Doctorado Cl\u00ednico en, NYPSI (New York Psychoanalytic Institute) y Williamsburg Therapy Group, NY.<br>Psic\u00f3loga Cl\u00ednica Licenciada en Chile y New York.<\/p>\n","protected":false},"excerpt":{"rendered":"<p>Doctorada en Psicolog\u00eda Cl\u00ednica, The New School for Social Research, New York.Post-Doctorado Cl\u00ednico en, NYPSI (New York Psychoanalytic Institute) y&hellip;<\/p>\n","protected":false},"author":1,"featured_media":0,"parent":0,"menu_order":0,"comment_status":"closed","ping_status":"closed","template":"","meta":{"footnotes":""},"class_list":["post-338","page","type-page","status-publish","hentry"],"_links":{"self":[{"href":"https:\/\/franciscaherreros.com\/es\/wp-json\/wp\/v2\/pages\/338","targetHints":{"allow":["GET"]}}],"collection":[{"href":"https:\/\/franciscaherreros.com\/es\/wp-json\/wp\/v2\/pages"}],"about":[{"href":"https:\/\/franciscaherreros.com\/es\/wp-json\/wp\/v2\/types\/page"}],"author":[{"embeddable":true,"href":"https:\/\/franciscaherreros.com\/es\/wp-json\/wp\/v2\/users\/1"}],"replies":[{"embeddable":true,"href":"https:\/\/franciscaherreros.com\/es\/wp-json\/wp\/v2\/comments?post=338"}],"version-history":[{"count":3,"href":"https:\/\/franciscaherreros.com\/es\/wp-json\/wp\/v2\/pages\/338\/revisions"}],"predecessor-version":[{"id":481,"href":"https:\/\/franciscaherreros.com\/es\/wp-json\/wp\/v2\/pages\/338\/revisions\/481"}],"wp:attachment":[{"href":"https:\/\/franciscaherreros.com\/es\/wp-json\/wp\/v2\/media?parent=338"}],"curies":[{"name":"wp","href":"https:\/\/api.w.org\/{rel}","templated":true}]}}