{"id":420,"date":"2020-04-18T23:23:27","date_gmt":"2020-04-19T02:23:27","guid":{"rendered":"https:\/\/franciscaherreros.com\/?page_id=420"},"modified":"2020-04-22T00:28:00","modified_gmt":"2020-04-22T03:28:00","slug":"training-and-clinical-experience","status":"publish","type":"page","link":"https:\/\/franciscaherreros.com\/en_us\/training-and-clinical-experience\/","title":{"rendered":"Training and Clinical Experience"},"content":{"rendered":"<p>Dr. Herreros is a bilingual (English-Spanish) Clinical Psychologist with 20 years of clinical experience. PhD in Clinical Psychology at the New School for Social Research, NY, and Clinical Post-Doctorate in NYPSI (New York Psychoanalytic Institute) and Williamsburg Therapy Group, NY.&nbsp;<\/p>\n\n\n\n<p>She currently resides in Santiago de Chile working with adults, adolescents and couples providing in site and on-line psychotherapy  services, supplementing her clinical work at the Endocrinology Department at Cl\u00ednica Santa Mar\u00eda in Santiago, as well as teaching at Magister en Artes de la Salud y Arteterapia of the Universidad Finis Terrae.<\/p>\n\n\n\n<p>Dr. Herreros begun her clinical practice 20 years ago in Santiago de Chile, after completing her undergraduate studies in Clinical Psychology at Pontificia Universidad Cat\u00f3lica de Chile. She worked as Clinical and Educational Psychologist before moving to New York to complete her studies and clinical training. After ten years she returns to Chile as a Licensed Clinical Psychologist in New York and Chile, where she resides.\u00a0<\/p>\n\n\n\n<p>Dr. Herreros has clinical expertise in diagnosing and treating a great variety of issues, including depression and anxiety; grief, trauma and adjustment difficulties; gender identity and sexuality; and immigration and cultural issues. Her research focused on the development of attachment relationships, which are deep emotional relationships between human beings, and she considers this background informs her therapy when trying to deal with all aspects of intimate relationships.<\/p>","protected":false},"excerpt":{"rendered":"<p>Francisca Herreros es una Psic\u00f3loga Cl\u00ednica biling\u00fce (Ingl\u00e9s-Espa\u00f1ol) con 20 a\u00f1os de experiencia cl\u00ednica, Doctorada en Psicolog\u00eda Cl\u00ednica en The&hellip;<\/p>","protected":false},"author":1,"featured_media":0,"parent":0,"menu_order":0,"comment_status":"closed","ping_status":"closed","template":"","meta":{"footnotes":""},"class_list":["post-420","page","type-page","status-publish","hentry"],"_links":{"self":[{"href":"https:\/\/franciscaherreros.com\/en_us\/wp-json\/wp\/v2\/pages\/420","targetHints":{"allow":["GET"]}}],"collection":[{"href":"https:\/\/franciscaherreros.com\/en_us\/wp-json\/wp\/v2\/pages"}],"about":[{"href":"https:\/\/franciscaherreros.com\/en_us\/wp-json\/wp\/v2\/types\/page"}],"author":[{"embeddable":true,"href":"https:\/\/franciscaherreros.com\/en_us\/wp-json\/wp\/v2\/users\/1"}],"replies":[{"embeddable":true,"href":"https:\/\/franciscaherreros.com\/en_us\/wp-json\/wp\/v2\/comments?post=420"}],"version-history":[{"count":12,"href":"https:\/\/franciscaherreros.com\/en_us\/wp-json\/wp\/v2\/pages\/420\/revisions"}],"predecessor-version":[{"id":503,"href":"https:\/\/franciscaherreros.com\/en_us\/wp-json\/wp\/v2\/pages\/420\/revisions\/503"}],"wp:attachment":[{"href":"https:\/\/franciscaherreros.com\/en_us\/wp-json\/wp\/v2\/media?parent=420"}],"curies":[{"name":"wp","href":"https:\/\/api.w.org\/{rel}","templated":true}]}}